{"id":105,"date":"2016-04-28T17:26:34","date_gmt":"2016-04-28T16:26:34","guid":{"rendered":"https:\/\/the7.io\/medical\/?page_id=105"},"modified":"2023-06-10T06:54:55","modified_gmt":"2023-06-10T06:54:55","slug":"aboutus","status":"publish","type":"page","link":"https:\/\/www.starkling-medtech.de\/de\/aboutus\/","title":{"rendered":"\u00dcber uns"},"content":{"rendered":"<div class=\"wpb-content-wrapper\"><p>[vc_row type=&#8220;vc_default&#8220;][vc_column width=&#8220;1\/2&#8243;]<div id=\"ultimate-heading-190169e16ef9af74f\" class=\"uvc-heading ult-adjust-bottom-margin ultimate-heading-190169e16ef9af74f uvc-2594  uvc-heading-default-font-sizes\" data-hspacer=\"no_spacer\"  data-halign=\"left\" style=\"text-align:left\"><div class=\"uvc-heading-spacer no_spacer\" style=\"top\"><\/div><div class=\"uvc-main-heading ult-responsive\"  data-ultimate-target='.uvc-heading.ultimate-heading-190169e16ef9af74f h2'  data-responsive-json-new='{\"font-size\":\"\",\"line-height\":\"\"}' ><h2 style=\"font-family:&#039;Open Sans&#039;;font-weight:bold;margin-bottom:20px;\">Medizintechnik f\u00fcr zuverl\u00e4ssige Patientenergebnisse<\/h2><\/div><\/div>[vc_column_text css=&#8220;.vc_custom_1684237171663{margin-bottom: 30px !important;}&#8220;]STARKLING wurde 2010 in Tuttlingen, dem Weltzentrum der Medizintechnik, gegr\u00fcndet. Aufbauend auf der langj\u00e4hrigen Erfahrung und Branchenkenntnis des Gr\u00fcnders hat sich STARKLING zu einem multidisziplin\u00e4ren L\u00f6sungsanbieter f\u00fcr die Medizinprodukteindustrie in Deutschland und weltweit entwickelt. Mit Angeboten wie Fertigung, Design, Software und Medien ist STARKLING in der Lage, seine Kunden in vielf\u00e4ltiger Weise zu unterst\u00fctzen.[\/vc_column_text]<div class=\"standard-arrow list-divider bullet-top\"><ul>\n<li><span style=\"font-weight: 400;\"><strong>Zuverl\u00e4ssigkeit<\/strong> Unsere Kunden, Endverbraucher und Patienten k\u00f6nnen sich darauf verlassen, dass wir die besten L\u00f6sungen und Produkte auf die wirtschaftlichste Art und Weise liefern.<\/span><\/li>\n<li><span style=\"font-weight: 400;\"><strong>Partnerschaft<\/strong> Wir unterst\u00fctzen unsere Kunden als Partner und helfen ihnen, zu wachsen, zu innovieren und nachhaltig zu bleiben und gleichzeitig Fehler und Risiken zu vermeiden.<\/span><\/li>\n<li><span style=\"font-weight: 400;\"><strong>Zusammenarbeit<\/strong> Ein kollaboratives, aber lose gekoppeltes Netzwerk von Familienunternehmen erm\u00f6glicht es uns, solche vielf\u00e4ltigen Dienstleistungen unter ein Dach zu bringen.<\/span><\/li>\n<\/ul>\n<\/div>[\/vc_column][vc_column width=&#8220;1\/2&#8243;][vc_single_image image=&#8220;3214&#8243; img_size=&#8220;full&#8220; add_caption=&#8220;yes&#8220; alignment=&#8220;center&#8220; onclick=&#8220;link_image&#8220; lazy_loading=&#8220;true&#8220;][\/vc_column][\/vc_row]<\/p>\n<\/div>","protected":false},"excerpt":{"rendered":"<p>[vc_row type=&#8220;vc_default&#8220;][vc_column width=&#8220;1\/2&#8243;][vc_column_text css=&#8220;.vc_custom_1684237171663{margin-bottom: 30px !important;}&#8220;]STARKLING wurde 2010 in Tuttlingen, dem Weltzentrum der Medizintechnik, gegr\u00fcndet. Aufbauend auf der langj\u00e4hrigen Erfahrung und Branchenkenntnis des Gr\u00fcnders hat sich STARKLING zu einem multidisziplin\u00e4ren L\u00f6sungsanbieter f\u00fcr die Medizinprodukteindustrie in Deutschland und weltweit entwickelt. Mit Angeboten wie Fertigung, Design, Software und Medien ist STARKLING in der Lage, seine Kunden in&hellip;<\/p>\n","protected":false},"author":1,"featured_media":0,"parent":0,"menu_order":1,"comment_status":"closed","ping_status":"closed","template":"","meta":{"footnotes":""},"class_list":["post-105","page","type-page","status-publish","hentry","description-off"],"jetpack_sharing_enabled":true,"_links":{"self":[{"href":"https:\/\/www.starkling-medtech.de\/de\/wp-json\/wp\/v2\/pages\/105","targetHints":{"allow":["GET"]}}],"collection":[{"href":"https:\/\/www.starkling-medtech.de\/de\/wp-json\/wp\/v2\/pages"}],"about":[{"href":"https:\/\/www.starkling-medtech.de\/de\/wp-json\/wp\/v2\/types\/page"}],"author":[{"embeddable":true,"href":"https:\/\/www.starkling-medtech.de\/de\/wp-json\/wp\/v2\/users\/1"}],"replies":[{"embeddable":true,"href":"https:\/\/www.starkling-medtech.de\/de\/wp-json\/wp\/v2\/comments?post=105"}],"version-history":[{"count":25,"href":"https:\/\/www.starkling-medtech.de\/de\/wp-json\/wp\/v2\/pages\/105\/revisions"}],"predecessor-version":[{"id":3231,"href":"https:\/\/www.starkling-medtech.de\/de\/wp-json\/wp\/v2\/pages\/105\/revisions\/3231"}],"wp:attachment":[{"href":"https:\/\/www.starkling-medtech.de\/de\/wp-json\/wp\/v2\/media?parent=105"}],"curies":[{"name":"wp","href":"https:\/\/api.w.org\/{rel}","templated":true}]}}