{"id":113,"date":"2016-04-28T17:52:04","date_gmt":"2016-04-28T16:52:04","guid":{"rendered":"https:\/\/the7.io\/medical\/?page_id=113"},"modified":"2023-06-10T06:53:19","modified_gmt":"2023-06-10T06:53:19","slug":"services","status":"publish","type":"page","link":"https:\/\/www.starkling-medtech.de\/de\/services\/","title":{"rendered":"Dienstleistungen"},"content":{"rendered":"<div class=\"wpb-content-wrapper\"><p>[vc_row css=&#8220;.vc_custom_1684506515266{margin-top: -35px !important;}&#8220;][vc_column]<div id=\"ultimate-heading-69969e887b5538d6\" class=\"uvc-heading ult-adjust-bottom-margin ultimate-heading-69969e887b5538d6 uvc-7767  uvc-heading-default-font-sizes\" data-hspacer=\"no_spacer\"  data-halign=\"left\" style=\"text-align:left\"><div class=\"uvc-heading-spacer no_spacer\" style=\"top\"><\/div><div class=\"uvc-main-heading ult-responsive\"  data-ultimate-target='.uvc-heading.ultimate-heading-69969e887b5538d6 h2'  data-responsive-json-new='{\"font-size\":\"\",\"line-height\":\"\"}' ><h2 style=\"font-family:&#039;Open Sans&#039;;font-weight:bold;margin-bottom:20px;\">Partner der Medizintechnik<\/h2><\/div><\/div>[vc_column_text]Wir helfen unseren Kunden, in der Industrie und in der Medizintechnik erfolgreich zu sein. Mit unseren vielf\u00e4ltigen F\u00e4higkeiten in den Bereichen Fertigung, Softwareentwicklung, Mediendesign und strategisches Produktmanagement k\u00f6nnen wir jedem Hersteller von Produkten f\u00fcr die Medizintechnik helfen, seinen Kunden einen gr\u00f6\u00dferen\u00a0 Wert zu bieten. Wir gew\u00e4hrleisten Vertraulichkeit, Zuverl\u00e4ssigkeit und Sichtbarkeit des Gesch\u00e4ftswertes zu jeder Zeit. Kein Wunder, dass einige gro\u00dfe Marktteilnehmer ihre problematischen Projekte in unsere Hand geben.[\/vc_column_text][\/vc_column][\/vc_row][vc_row bg_type=&#8220;bg_color&#8220; bg_override=&#8220;ex-full&#8220; type=&#8220;vc_default&#8220; css=&#8220;.vc_custom_1684506574341{padding-top: 20px !important;padding-bottom: 20px !important;background-color: #f4f4f4 !important;}&#8220; bg_color_value=&#8220;#f4f4f4&#8243;][vc_column width=&#8220;1\/2&#8243;][vc_row_inner][vc_column_inner offset=&#8220;vc_hidden-lg vc_hidden-md vc_hidden-sm&#8220;][vc_single_image image=&#8220;3167&#8243; img_size=&#8220;700&#215;525&#8243; add_caption=&#8220;yes&#8220; alignment=&#8220;center&#8220; onclick=&#8220;link_image&#8220; lazy_loading=&#8220;true&#8220;][\/vc_column_inner][\/vc_row_inner]<div id=\"ultimate-heading-83169e887b553941\" class=\"uvc-heading ult-adjust-bottom-margin ultimate-heading-83169e887b553941 uvc-4887  uvc-heading-default-font-sizes\" data-hspacer=\"no_spacer\"  data-halign=\"left\" style=\"text-align:left\"><div class=\"uvc-heading-spacer no_spacer\" style=\"top\"><\/div><div class=\"uvc-main-heading ult-responsive\"  data-ultimate-target='.uvc-heading.ultimate-heading-83169e887b553941 h2'  data-responsive-json-new='{\"font-size\":\"\",\"line-height\":\"\"}' ><h2 style=\"font-family:&#039;Open Sans&#039;;font-weight:bold;margin-bottom:20px;\">OEM (Erstausr\u00fcstung)<\/h2><\/div><\/div>[vc_column_text css=&#8220;.vc_custom_1525461358637{padding-bottom: 20px !important;}&#8220;]Mit einer Familiengeschichte von \u00fcber 3 Generationen mit fast 100 Jahren Erfahrung ist es selbstverst\u00e4ndlich, dass STARKLING ein wichtiger Hersteller und OEM-Lieferant in der Industrie ist.<\/p>\n<p>Statt standardisierte Instrumente anzubieten, ist STARKLING bestrebt, innovative chirurgische Produkte zu bauen und diese wirtschaftlich anzubieten.[\/vc_column_text]<div class=\"standard-number-list bullet-top\"><ul>\n<li>Instrumente f\u00fcr Chirurgie und An\u00e4sthesie<\/li>\n<li>Zertifiziertes Qualit\u00e4tssystem<\/li>\n<li>Markierung (Laser- und chemisches \u00c4tzen)<\/li>\n<li>Anpassung von Mustern und Oberfl\u00e4chen<\/li>\n<\/ul>\n<\/div>[\/vc_column][vc_column width=&#8220;1\/2&#8243; offset=&#8220;vc_hidden-xs&#8220;][vc_single_image image=&#8220;3167&#8243; img_size=&#8220;700&#215;525&#8243; add_caption=&#8220;yes&#8220; alignment=&#8220;center&#8220; onclick=&#8220;link_image&#8220; lazy_loading=&#8220;true&#8220;][\/vc_column][\/vc_row][vc_row full_width=&#8220;stretch_row&#8220; type=&#8220;vc_default&#8220; css=&#8220;.vc_custom_1684506810857{padding-top: 20px !important;padding-bottom: 20px !important;}&#8220;][vc_column width=&#8220;1\/2&#8243; offset=&#8220;vc_hidden-xs&#8220;][vc_single_image image=&#8220;3246&#8243; img_size=&#8220;700&#215;525&#8243; add_caption=&#8220;yes&#8220; alignment=&#8220;center&#8220; onclick=&#8220;link_image&#8220; lazy_loading=&#8220;true&#8220;][\/vc_column][vc_column width=&#8220;1\/2&#8243;][vc_row_inner][vc_column_inner offset=&#8220;vc_hidden-lg vc_hidden-md vc_hidden-sm&#8220;][vc_single_image image=&#8220;3246&#8243; img_size=&#8220;700&#215;525&#8243; add_caption=&#8220;yes&#8220; alignment=&#8220;center&#8220; onclick=&#8220;link_image&#8220; lazy_loading=&#8220;true&#8220;][\/vc_column_inner][\/vc_row_inner]<div id=\"ultimate-heading-488969e887b5539fd\" class=\"uvc-heading ult-adjust-bottom-margin ultimate-heading-488969e887b5539fd uvc-5450  uvc-heading-default-font-sizes\" data-hspacer=\"no_spacer\"  data-halign=\"left\" style=\"text-align:left\"><div class=\"uvc-heading-spacer no_spacer\" style=\"top\"><\/div><div class=\"uvc-main-heading ult-responsive\"  data-ultimate-target='.uvc-heading.ultimate-heading-488969e887b5539fd h2'  data-responsive-json-new='{\"font-size\":\"\",\"line-height\":\"\"}' ><h2 style=\"font-family:&#039;Open Sans&#039;;font-weight:bold;margin-bottom:20px;\">Auftragsfertigung<\/h2><\/div><\/div>[vc_column_text css=&#8220;.vc_custom_1522582956312{padding-bottom: 20px !important;}&#8220;]Die Auftragsfertigung ist der Kern unseres Gesch\u00e4fts. Zugang zu einem gro\u00dfen Pool von Herstellungsverfahren und Ressourcen, erm\u00f6glicht uns die Herstellung von Produkten und Teilen nach Ihren Vorgaben und Qualit\u00e4tsrichtlinien.[\/vc_column_text]<div class=\"standard-number-list bullet-top\"><ul>\n<li>Industrielles Design-Engineering<\/li>\n<li>Metallbearbeitung (CNC 4\/5 Achsen, Drahterodieren)<\/li>\n<li>Spritzgie\u00dfen und Formenbau<\/li>\n<li>Oberfl\u00e4chenbeschichtung (Isolierung &amp; Keramik)<\/li>\n<li>Handwerk<\/li>\n<li>Montage und Verpackung<\/li>\n<\/ul>\n<\/div>[\/vc_column][\/vc_row][vc_row bg_type=&#8220;bg_color&#8220; bg_override=&#8220;ex-full&#8220; type=&#8220;vc_default&#8220; css=&#8220;.vc_custom_1684506960840{padding-top: 20px !important;padding-bottom: 20px !important;background-color: #f4f4f4 !important;}&#8220; bg_color_value=&#8220;#f4f4f4&#8243;][vc_column width=&#8220;1\/2&#8243;][vc_row_inner][vc_column_inner offset=&#8220;vc_hidden-lg vc_hidden-md vc_hidden-sm&#8220;][vc_single_image image=&#8220;3177&#8243; img_size=&#8220;700&#215;525&#8243; alignment=&#8220;center&#8220; onclick=&#8220;link_image&#8220;][\/vc_column_inner][\/vc_row_inner]<div id=\"ultimate-heading-173469e887b553ab2\" class=\"uvc-heading ult-adjust-bottom-margin ultimate-heading-173469e887b553ab2 uvc-9164  uvc-heading-default-font-sizes\" data-hspacer=\"no_spacer\"  data-halign=\"left\" style=\"text-align:left\"><div class=\"uvc-heading-spacer no_spacer\" style=\"top\"><\/div><div class=\"uvc-main-heading ult-responsive\"  data-ultimate-target='.uvc-heading.ultimate-heading-173469e887b553ab2 h2'  data-responsive-json-new='{\"font-size\":\"\",\"line-height\":\"\"}' ><h2 style=\"font-family:&#039;Open Sans&#039;;font-weight:bold;margin-bottom:20px;\">Software-Entwicklung<\/h2><\/div><\/div>[vc_column_text css=&#8220;.vc_custom_1549260749690{padding-bottom: 20px !important;}&#8220;]Die Medizintechnik- und Gesundheitsbranche kann von der Digitalisierung von Prozessen und Inhalten profitieren. Es senkt die entstehenden Kosten, optimiert den Ressourcen- und Ressourceneinsatz und sorgt f\u00fcr verl\u00e4ssliche Ergebnisse.<\/p>\n<p>Wir bringen Ihnen unser Wissen aus der Entwicklung komplexer Software f\u00fcr verschiedene Branchen bei.[\/vc_column_text]<div class=\"standard-number-list bullet-top\"><ul>\n<li>Web-Anwendungen (Seiten, Portale und Backends)<\/li>\n<li>Mobile Apps (iOS und Android)<\/li>\n<li>Windows- und Desktop-Anwendungen<\/li>\n<li>Integration in bestehende Systeme und Cloud<\/li>\n<li>Wartung und Support f\u00fcr bestehende Apps<\/li>\n<\/ul>\n<\/div>[\/vc_column][vc_column width=&#8220;1\/2&#8243; offset=&#8220;vc_hidden-xs&#8220;][vc_single_image image=&#8220;3177&#8243; img_size=&#8220;700&#215;525&#8243; alignment=&#8220;center&#8220; onclick=&#8220;link_image&#8220;][\/vc_column][\/vc_row][vc_row full_width=&#8220;stretch_row&#8220; bg_type=&#8220;bg_color&#8220; bg_override=&#8220;ex-full&#8220; type=&#8220;vc_default&#8220; css=&#8220;.vc_custom_1684507158615{padding-top: 20px !important;}&#8220;][vc_column width=&#8220;1\/2&#8243; offset=&#8220;vc_hidden-xs&#8220;][vc_single_image image=&#8220;3240&#8243; img_size=&#8220;700&#215;525&#8243; add_caption=&#8220;yes&#8220; alignment=&#8220;center&#8220; onclick=&#8220;link_image&#8220; lazy_loading=&#8220;true&#8220;][\/vc_column][vc_column width=&#8220;1\/2&#8243;][vc_row_inner][vc_column_inner offset=&#8220;vc_hidden-lg vc_hidden-md vc_hidden-sm&#8220;][vc_single_image image=&#8220;3240&#8243; img_size=&#8220;700&#215;525&#8243; add_caption=&#8220;yes&#8220; alignment=&#8220;center&#8220; onclick=&#8220;link_image&#8220; lazy_loading=&#8220;true&#8220;][\/vc_column_inner][\/vc_row_inner]<div id=\"ultimate-heading-979869e887b553b64\" class=\"uvc-heading ult-adjust-bottom-margin ultimate-heading-979869e887b553b64 uvc-9116  uvc-heading-default-font-sizes\" data-hspacer=\"no_spacer\"  data-halign=\"left\" style=\"text-align:left\"><div class=\"uvc-heading-spacer no_spacer\" style=\"top\"><\/div><div class=\"uvc-main-heading ult-responsive\"  data-ultimate-target='.uvc-heading.ultimate-heading-979869e887b553b64 h2'  data-responsive-json-new='{\"font-size\":\"\",\"line-height\":\"\"}' ><h2 style=\"font-family:&#039;Open Sans&#039;;font-weight:bold;margin-bottom:20px;\">Kataloge und Medien<\/h2><\/div><\/div>[vc_column_text css=&#8220;.vc_custom_1549260914145{padding-bottom: 20px !important;}&#8220;]Wir setzen unsere langj\u00e4hrige Erfahrung im Bereich Druck und digitales Marketing von chirurgischen Instrumenten als Dienstleistung ein, um Ihnen zum Erfolg zu verhelfen. Sie profitieren von unserem Produkt-Know-how, pr\u00e4ziser Qork-Qualit\u00e4t und wettbewerbsf\u00e4higen Preisen. Lassen Sie uns zu Ihrem Erfolg verhelfen.[\/vc_column_text]<div class=\"standard-number-list bullet-top\"><ul>\n<li>Kataloge und Brosch\u00fcren<\/li>\n<li>Illustrationen und Kieferzeichnungen<\/li>\n<li>Produktliste und Index<\/li>\n<li>Mehrsprachiger Inhalt<\/li>\n<li>Digitale Kataloge (Web, Apps, PDFs)<\/li>\n<li>Druckdienste<\/li>\n<\/ul>\n<\/div>[\/vc_column][\/vc_row]<\/p>\n<\/div>","protected":false},"excerpt":{"rendered":"<p>[vc_row css=&#8220;.vc_custom_1684506515266{margin-top: -35px !important;}&#8220;][vc_column][vc_column_text]Wir helfen unseren Kunden, in der Industrie und in der Medizintechnik erfolgreich zu sein. Mit unseren vielf\u00e4ltigen F\u00e4higkeiten in den Bereichen Fertigung, Softwareentwicklung, Mediendesign und strategisches Produktmanagement k\u00f6nnen wir jedem Hersteller von Produkten f\u00fcr die Medizintechnik helfen, seinen Kunden einen gr\u00f6\u00dferen\u00a0 Wert zu bieten. Wir gew\u00e4hrleisten Vertraulichkeit, Zuverl\u00e4ssigkeit und Sichtbarkeit des Gesch\u00e4ftswertes&hellip;<\/p>\n","protected":false},"author":1,"featured_media":0,"parent":0,"menu_order":3,"comment_status":"closed","ping_status":"closed","template":"","meta":{"footnotes":""},"class_list":["post-113","page","type-page","status-publish","hentry","description-off"],"jetpack_sharing_enabled":true,"_links":{"self":[{"href":"https:\/\/www.starkling-medtech.de\/de\/wp-json\/wp\/v2\/pages\/113","targetHints":{"allow":["GET"]}}],"collection":[{"href":"https:\/\/www.starkling-medtech.de\/de\/wp-json\/wp\/v2\/pages"}],"about":[{"href":"https:\/\/www.starkling-medtech.de\/de\/wp-json\/wp\/v2\/types\/page"}],"author":[{"embeddable":true,"href":"https:\/\/www.starkling-medtech.de\/de\/wp-json\/wp\/v2\/users\/1"}],"replies":[{"embeddable":true,"href":"https:\/\/www.starkling-medtech.de\/de\/wp-json\/wp\/v2\/comments?post=113"}],"version-history":[{"count":65,"href":"https:\/\/www.starkling-medtech.de\/de\/wp-json\/wp\/v2\/pages\/113\/revisions"}],"predecessor-version":[{"id":3248,"href":"https:\/\/www.starkling-medtech.de\/de\/wp-json\/wp\/v2\/pages\/113\/revisions\/3248"}],"wp:attachment":[{"href":"https:\/\/www.starkling-medtech.de\/de\/wp-json\/wp\/v2\/media?parent=113"}],"curies":[{"name":"wp","href":"https:\/\/api.w.org\/{rel}","templated":true}]}}