{"id":1340,"date":"2018-03-15T10:04:43","date_gmt":"2018-03-15T10:04:43","guid":{"rendered":"https:\/\/www.starkling-medtech.de\/?page_id=1340"},"modified":"2023-05-20T12:32:28","modified_gmt":"2023-05-20T12:32:28","slug":"imprint","status":"publish","type":"page","link":"https:\/\/www.starkling-medtech.de\/de\/imprint\/","title":{"rendered":"Impressum"},"content":{"rendered":"<div class=\"wpb-content-wrapper\"><p>[vc_row][vc_column][vc_column_text]Um den allgemeinen Anforderungen an die allgemeinen Informationspflichten gem. \u00a7 5 TMG (Telemediengesetz) vom 1. M\u00e4rz 2007 zu gen\u00fcgen, werden die nachstehenden Angaben gemacht:<\/p>\n<p><strong>Starkling Medizintechnik<\/strong> ist eine Unternehmensabteilung der<\/p>\n<p><strong>Starkling e.K.<\/strong><br \/>\nGesch\u00e4ftssitz: Rudolf-Diesel-Str. 18, 78576 Emmingen-Liptingen, Deutschland<br \/>\nAmtsgericht: Stuttgart HRA 736931<br \/>\nSteuer-Nr.: 21277\/13872<br \/>\nUmsatzst.-Ident-Nr.: DE273533933<br \/>\nInhaber: <span class=\"TextRun SCXW234347510 BCX0\" lang=\"EN-US\" xml:lang=\"EN-US\" data-contrast=\"auto\"><span class=\"NormalTextRun SCXW234347510 BCX0\">Herr Khurram Iqbal<\/span><\/span><br \/>\nKontakt: Tel +49 (7465) 3119927 Fax +49 (7465) 3119928<\/p>\n<p>&nbsp;<\/p>\n<p><strong><span data-sheets-value=\"{&quot;1&quot;:2,&quot;2&quot;:&quot;Disclaimer&quot;}\" data-sheets-userformat=\"{&quot;2&quot;:21121,&quot;3&quot;:{&quot;1&quot;:0},&quot;10&quot;:1,&quot;12&quot;:0,&quot;15&quot;:&quot;Trebuchet MS&quot;,&quot;17&quot;:1}\">Disclaimer<\/span><\/strong><\/p>\n<p>Die Firma Starkling pr\u00fcft und aktualisiert die Informationen auf ihren Webseiten st\u00e4ndig. Trotz aller Sorgfalt k\u00f6nnen sich die Daten inzwischen ver\u00e4ndert haben. Eine Haftung oder Garantie f\u00fcr die Aktualit\u00e4t, Richtigkeit und Vollst\u00e4ndigkeit der zur Verf\u00fcgung gestellten Informationen kann daher nicht \u00fcbernommen werden. Gleiches gilt auch f\u00fcr alle anderen Websites, auf die mittels Hyperlink verwiesen wird.<\/p>\n<p><span data-sheets-value=\"{&quot;1&quot;:2,&quot;2&quot;:&quot;Alle Hyperlinks, die Sie auf www.starkling.software finden, wurden von uns bei der Erstellung der Seite gepr\\u00fcft. Allerdings haben wir keinen Einfluss auf die Gestaltung und Inhalte der mittels Hyperlink verkn\\u00fcpften Seiten. Sollten Hyperlinks nicht erreichbar sein, rechtswidrige Seiten \\u00fcber die Hyperlinks abrufbar sein oder sich die auf den Seiten befindlichen Inhalte ge\\u00e4ndert haben, bitten wir um eine Mitteilung.&quot;}\" data-sheets-userformat=\"{&quot;2&quot;:4995,&quot;3&quot;:{&quot;1&quot;:0},&quot;4&quot;:{&quot;1&quot;:2,&quot;2&quot;:14281427},&quot;10&quot;:1,&quot;11&quot;:4,&quot;12&quot;:0,&quot;15&quot;:&quot;Trebuchet MS&quot;}\">Alle Hyperlinks, die Sie auf www.starkling-medtech.de finden, wurden von uns bei der Erstellung der Seite gepr\u00fcft. Allerdings haben wir keinen Einfluss auf die Gestaltung und Inhalte der mittels Hyperlink verkn\u00fcpften Seiten. Sollten Hyperlinks nicht erreichbar sein, rechtswidrige Seiten \u00fcber die Hyperlinks abrufbar sein oder sich die auf den Seiten befindlichen Inhalte ge\u00e4ndert haben, bitten wir um eine Mitteilung.<\/span><\/p>\n<p><span data-sheets-value=\"{&quot;1&quot;:2,&quot;2&quot;:&quot;Dennoch k\\u00f6nnen wir f\\u00fcr die Richtigkeit und Vollst\\u00e4ndigkeit der Angaben keine Haftung \\u00fcbernehmen.&quot;}\" data-sheets-userformat=\"{&quot;2&quot;:4995,&quot;3&quot;:{&quot;1&quot;:0},&quot;4&quot;:{&quot;1&quot;:2,&quot;2&quot;:14281427},&quot;10&quot;:1,&quot;11&quot;:4,&quot;12&quot;:0,&quot;15&quot;:&quot;Trebuchet MS&quot;}\">Dennoch k\u00f6nnen wir f\u00fcr die Richtigkeit und Vollst\u00e4ndigkeit der Angaben keine Haftung \u00fcbernehmen.<\/span><\/p>\n<p><span data-sheets-value=\"{&quot;1&quot;:2,&quot;2&quot;:&quot;Die Firma Starkling beh\\u00e4lt sich das Recht vor, \\u00c4nderungen oder Erg\\u00e4nzungen an den bereitgestellten Informationen vorzunehmen.&quot;}\" data-sheets-userformat=\"{&quot;2&quot;:4995,&quot;3&quot;:{&quot;1&quot;:0},&quot;4&quot;:{&quot;1&quot;:2,&quot;2&quot;:14281427},&quot;10&quot;:1,&quot;11&quot;:4,&quot;12&quot;:0,&quot;15&quot;:&quot;Trebuchet MS&quot;}\">Die Firma Starkling beh\u00e4lt sich das Recht vor, \u00c4nderungen oder Erg\u00e4nzungen an den bereitgestellten Informationen vorzunehmen.<\/span><\/p>\n<p><span data-sheets-value=\"{&quot;1&quot;:2,&quot;2&quot;:&quot;Inhalt und Struktur der Website sind urheberrechtlich gesch\\u00fctzt. Die Vervielf\\u00e4ltigung von Informationen oder Daten, insbesondere die Verwendung von Texten, Textteilen oder Bildmaterial, bedarf der schriftlichen Zustimmung der Firma Starkling.&quot;}\" data-sheets-userformat=\"{&quot;2&quot;:4995,&quot;3&quot;:{&quot;1&quot;:0},&quot;4&quot;:{&quot;1&quot;:2,&quot;2&quot;:14281427},&quot;10&quot;:1,&quot;11&quot;:4,&quot;12&quot;:0,&quot;15&quot;:&quot;Trebuchet MS&quot;}\">Inhalt und Struktur der Website sind urheberrechtlich gesch\u00fctzt. Die Vervielf\u00e4ltigung von Informationen oder Daten, insbesondere die Verwendung von Texten, Textteilen oder Bildmaterial, bedarf der schriftlichen Zustimmung der Firma Starkling.<\/span>[\/vc_column_text][\/vc_column][\/vc_row]<\/p>\n<\/div>","protected":false},"excerpt":{"rendered":"<p>[vc_row][vc_column][vc_column_text]Um den allgemeinen Anforderungen an die allgemeinen Informationspflichten gem. \u00a7 5 TMG (Telemediengesetz) vom 1. M\u00e4rz 2007 zu gen\u00fcgen, werden die nachstehenden Angaben gemacht: Starkling Medizintechnik ist eine Unternehmensabteilung der Starkling e.K. Gesch\u00e4ftssitz: Rudolf-Diesel-Str. 18, 78576 Emmingen-Liptingen, Deutschland Amtsgericht: Stuttgart HRA 736931 Steuer-Nr.: 21277\/13872 Umsatzst.-Ident-Nr.: DE273533933 Inhaber: Herr Khurram Iqbal Kontakt: Tel +49 (7465) 3119927&hellip;<\/p>\n","protected":false},"author":2,"featured_media":0,"parent":0,"menu_order":0,"comment_status":"closed","ping_status":"closed","template":"","meta":{"footnotes":""},"class_list":["post-1340","page","type-page","status-publish","hentry","description-off"],"jetpack_sharing_enabled":false,"_links":{"self":[{"href":"https:\/\/www.starkling-medtech.de\/de\/wp-json\/wp\/v2\/pages\/1340","targetHints":{"allow":["GET"]}}],"collection":[{"href":"https:\/\/www.starkling-medtech.de\/de\/wp-json\/wp\/v2\/pages"}],"about":[{"href":"https:\/\/www.starkling-medtech.de\/de\/wp-json\/wp\/v2\/types\/page"}],"author":[{"embeddable":true,"href":"https:\/\/www.starkling-medtech.de\/de\/wp-json\/wp\/v2\/users\/2"}],"replies":[{"embeddable":true,"href":"https:\/\/www.starkling-medtech.de\/de\/wp-json\/wp\/v2\/comments?post=1340"}],"version-history":[{"count":17,"href":"https:\/\/www.starkling-medtech.de\/de\/wp-json\/wp\/v2\/pages\/1340\/revisions"}],"predecessor-version":[{"id":3237,"href":"https:\/\/www.starkling-medtech.de\/de\/wp-json\/wp\/v2\/pages\/1340\/revisions\/3237"}],"wp:attachment":[{"href":"https:\/\/www.starkling-medtech.de\/de\/wp-json\/wp\/v2\/media?parent=1340"}],"curies":[{"name":"wp","href":"https:\/\/api.w.org\/{rel}","templated":true}]}}