{"id":2760,"date":"2022-01-11T06:56:37","date_gmt":"2022-01-11T06:56:37","guid":{"rendered":"https:\/\/www.starkling-medtech.de\/?page_id=2760"},"modified":"2023-06-10T07:02:19","modified_gmt":"2023-06-10T07:02:19","slug":"wire-baskets","status":"publish","type":"page","link":"https:\/\/www.starkling-medtech.de\/de\/products\/wire-baskets\/","title":{"rendered":"Siebk\u00f6rben"},"content":{"rendered":"<div class=\"wpb-content-wrapper\"><p>[vc_row full_width=&#8220;stretch_row&#8220; content_placement=&#8220;top&#8220; bg_type=&#8220;bg_color&#8220; bg_color_value=&#8220;#ffffff&#8220; css=&#8220;.vc_custom_1642147485197{margin-top: -60px !important;}&#8220;][vc_column width=&#8220;5\/12&#8243;][vc_single_image image=&#8220;2846&#8243; img_size=&#8220;500*500&#8243;][\/vc_column][vc_column width=&#8220;7\/12&#8243;][vc_custom_heading text=&#8220;Siebk\u00f6rbe aus Edelstahl&#8220; font_container=&#8220;tag:h2|text_align:left|color:%231e4079&#8243; google_fonts=&#8220;font_family:Open%20Sans%3A300%2C300italic%2Cregular%2Citalic%2C600%2C600italic%2C700%2C700italic%2C800%2C800italic|font_style:700%20bold%20regular%3A700%3Anormal&#8220;][vc_column_text]Siebk\u00f6rbe sind ideal f\u00fcr die Lagerung und Sterilisation von chirurgischen Instrumenten.<\/p>\n<p>Diese K\u00f6rbe eignen sich f\u00fcr Versuchssterilisatoren, medizinische Einrichtungen, Krankenhausabteilungen wie Operationss\u00e4le, Desinfektionsversorgungszentren, Zahnkliniken, Stationen und andere Abteilungen medizinischer Einrichtungen, die mit Reinigung, Desinfektion und Sterilisation usw. zu tun haben.<\/p>\n<p>Chirurgische Sterilisationstrays und Siebk\u00f6rbe gibt es in verschiedenen Ausf\u00fchrungen, einige mit Deckel, andere ohne. Einige K\u00f6rbe k\u00f6nnen mit Silikoneins\u00e4tzen versehen sein, um empfindliche Instrumente zus\u00e4tzlich zu sch\u00fctzen.[\/vc_column_text][vc_row_inner][vc_column_inner width=&#8220;1\/4&#8243; offset=&#8220;vc_hidden-xs&#8220;][vc_single_image image=&#8220;2898&#8243; img_size=&#8220;full&#8220;][vc_custom_heading text=&#8220;Klappgriffe&#8220; font_container=&#8220;tag:p|font_size:15|text_align:center|color:%231e4079&#8243; use_theme_fonts=&#8220;yes&#8220; css=&#8220;.vc_custom_1678096774015{margin-top: -20px !important;}&#8220;][\/vc_column_inner][vc_column_inner width=&#8220;1\/4&#8243; offset=&#8220;vc_hidden-xs&#8220;][vc_single_image image=&#8220;2899&#8243; img_size=&#8220;full&#8220;][vc_custom_heading text=&#8220;100% Edelstahl&#8220; font_container=&#8220;tag:p|font_size:15|text_align:center|color:%231e4079&#8243; use_theme_fonts=&#8220;yes&#8220; css=&#8220;.vc_custom_1678096786446{margin-top: -20px !important;}&#8220;][\/vc_column_inner][vc_column_inner width=&#8220;1\/4&#8243; offset=&#8220;vc_hidden-xs&#8220;][vc_single_image image=&#8220;2900&#8243; img_size=&#8220;full&#8220;][vc_custom_heading text=&#8220;Massiver Rahmen&#8220; font_container=&#8220;tag:p|font_size:15|text_align:center|color:%231e4079&#8243; use_theme_fonts=&#8220;yes&#8220; css=&#8220;.vc_custom_1684587136145{margin-top: -20px !important;}&#8220;][\/vc_column_inner][vc_column_inner width=&#8220;1\/4&#8243; offset=&#8220;vc_hidden-xs&#8220;][vc_single_image image=&#8220;2901&#8243; img_size=&#8220;full&#8220;][vc_custom_heading text=&#8220;Saubere elektropolierte Oberfl\u00e4che&#8220; font_container=&#8220;tag:p|font_size:15|text_align:center|color:%231e4079&#8243; use_theme_fonts=&#8220;yes&#8220; css=&#8220;.vc_custom_1684586849483{margin-top: -20px !important;}&#8220;][\/vc_column_inner][\/vc_row_inner][\/vc_column][\/vc_row][vc_row full_width=&#8220;stretch_row&#8220; bg_type=&#8220;bg_color&#8220; bg_color_value=&#8220;#ffffff&#8220; css=&#8220;.vc_custom_1642147765367{margin-top: -30px !important;margin-bottom: -30px !important;}&#8220;][vc_column][vc_separator][\/vc_column][\/vc_row][vc_row full_width=&#8220;stretch_row&#8220; bg_type=&#8220;bg_color&#8220; bg_color_value=&#8220;#ffffff&#8220;][vc_column width=&#8220;1\/2&#8243; offset=&#8220;vc_hidden-lg vc_hidden-md vc_hidden-sm vc_col-xs-6&#8243;][vc_single_image image=&#8220;2898&#8243; img_size=&#8220;full&#8220;][vc_custom_heading text=&#8220;Klappgriffe&#8220; font_container=&#8220;tag:p|font_size:15|text_align:center|color:%236476a6&#8243; use_theme_fonts=&#8220;yes&#8220; css=&#8220;.vc_custom_1678097085782{margin-top: -20px !important;}&#8220;][\/vc_column][vc_column width=&#8220;1\/2&#8243; offset=&#8220;vc_hidden-lg vc_hidden-md vc_hidden-sm vc_col-xs-6&#8243;][vc_single_image image=&#8220;2899&#8243; img_size=&#8220;full&#8220;][vc_custom_heading text=&#8220;100% Edelstahl&#8220; font_container=&#8220;tag:p|font_size:15|text_align:center|color:%236476a6&#8243; use_theme_fonts=&#8220;yes&#8220; css=&#8220;.vc_custom_1678097096561{margin-top: -20px !important;}&#8220;][\/vc_column][\/vc_row][vc_row full_width=&#8220;stretch_row&#8220; bg_type=&#8220;bg_color&#8220; bg_color_value=&#8220;#ffffff&#8220;][vc_column width=&#8220;1\/2&#8243; offset=&#8220;vc_hidden-lg vc_hidden-md vc_hidden-sm vc_col-xs-6&#8243;][vc_single_image image=&#8220;2900&#8243; img_size=&#8220;full&#8220;][vc_custom_heading text=&#8220;Stabiler Rahmen&#8220; font_container=&#8220;tag:p|font_size:15|text_align:center|color:%236476a6&#8243; use_theme_fonts=&#8220;yes&#8220; css=&#8220;.vc_custom_1678097106191{margin-top: -20px !important;}&#8220;][\/vc_column][vc_column width=&#8220;1\/2&#8243; offset=&#8220;vc_hidden-lg vc_hidden-md vc_hidden-sm vc_col-xs-6&#8243;][vc_single_image image=&#8220;2901&#8243; img_size=&#8220;full&#8220;][vc_custom_heading text=&#8220;Stabiler Rahmen&#8220; font_container=&#8220;tag:p|font_size:15|text_align:center|color:%236476a6&#8243; use_theme_fonts=&#8220;yes&#8220; css=&#8220;.vc_custom_1678097116854{margin-top: -20px !important;}&#8220;][\/vc_column][\/vc_row][vc_row full_width=&#8220;stretch_row&#8220; equal_height=&#8220;yes&#8220; content_placement=&#8220;top&#8220; bg_type=&#8220;bg_color&#8220; bg_color_value=&#8220;#ffffff&#8220;][vc_column width=&#8220;1\/2&#8243; offset=&#8220;vc_hidden-xs&#8220;][vc_custom_heading text=&#8220;Siebk\u00f6rbe, volle Gr\u00f6\u00dfe&#8220; font_container=&#8220;tag:h2|text_align:left|color:%236476a6&#8243; use_theme_fonts=&#8220;yes&#8220;][vc_column_text]<\/p>\n<h1 style=\"color: #1e4079;\"><strong>1\/1<\/strong><\/h1>\n<p><strong>L\u00e4nge x Breite x H\u00f6he (Au\u00dfenma\u00dfe)<\/strong><\/p>\n<hr style=\"width: 40%; text-align: left; margin-left: 0;\" \/>\n<p><strong>CS1803<\/strong>\u00a0 \u00a0540 x 255 x 30 mm<\/p>\n<p><strong>CS1805<\/strong>\u00a0 \u00a0540 x 255 x 50 mm<\/p>\n<p><strong>CS1807<\/strong>\u00a0 \u00a0540 x 255 x 70 mm<\/p>\n<p><strong>CS1810<\/strong>\u00a0 \u00a0540 x 255 x 100 mm<\/p>\n<p>&nbsp;<\/p>\n<h1 style=\"color: #1e4079;\"><strong>DIN<\/strong><\/h1>\n<p><strong>L\u00e4nge x Breite x H\u00f6he (Au\u00dfenma\u00dfe)<\/strong><\/p>\n<hr style=\"width: 40%; text-align: left; margin-left: 0;\" \/>\n<p><strong>CS2803<\/strong>\u00a0 \u00a0485 x 255 x 30 mm<\/p>\n<p><strong>CS2805<\/strong>\u00a0 \u00a0485 x 255 x 50 mm<\/p>\n<p><strong>CS2807<\/strong>\u00a0 \u00a0485 x 255 x 70 mm<\/p>\n<p><strong>CS2810<\/strong>\u00a0 \u00a0485 x 255 x 100 mm[\/vc_column_text][\/vc_column][vc_column width=&#8220;1\/2&#8243; offset=&#8220;vc_hidden-xs&#8220;][vc_single_image image=&#8220;2915&#8243; img_size=&#8220;full&#8220; alignment=&#8220;right&#8220; css=&#8220;.vc_custom_1642248278999{margin-top: 130px !important;}&#8220;][\/vc_column][\/vc_row][vc_row full_width=&#8220;stretch_row&#8220; equal_height=&#8220;yes&#8220; content_placement=&#8220;top&#8220; bg_type=&#8220;bg_color&#8220; bg_color_value=&#8220;#ffffff&#8220;][vc_column width=&#8220;1\/2&#8243; offset=&#8220;vc_hidden-lg vc_hidden-md vc_hidden-sm&#8220;][vc_custom_heading text=&#8220;Siebk\u00f6rbe, volle Gr\u00f6\u00dfe&#8220; font_container=&#8220;tag:h2|text_align:left|color:%236476a6&#8243; use_theme_fonts=&#8220;yes&#8220;][vc_single_image image=&#8220;2915&#8243; img_size=&#8220;full&#8220; alignment=&#8220;right&#8220; css=&#8220;.vc_custom_1642248329797{margin-top: 40px !important;}&#8220;][vc_column_text]<\/p>\n<h1 style=\"color: #1e4079;\"><strong>1\/1<\/strong><\/h1>\n<p><strong>L\u00e4nge x Breite x H\u00f6he (Au\u00dfenma\u00dfe)<\/strong><\/p>\n<hr style=\"width: 40%; text-align: left; margin-left: 0;\" \/>\n<p><strong>CS1803<\/strong>\u00a0 \u00a0540 x 255 x 30 mm<\/p>\n<p><strong>CS1805<\/strong>\u00a0 \u00a0540 x 255 x 50 mm<\/p>\n<p><strong>CS1807<\/strong>\u00a0 \u00a0540 x 255 x 70 mm<\/p>\n<p><strong>CS1810<\/strong>\u00a0 \u00a0540 x 255 x 100 mm<\/p>\n<p>&nbsp;<\/p>\n<h1 style=\"color: #1e4079;\"><strong>DIN<\/strong><\/h1>\n<p><strong>L\u00e4nge x Breite x H\u00f6he (Au\u00dfenma\u00dfe)<\/strong><\/p>\n<hr style=\"width: 40%; text-align: left; margin-left: 0;\" \/>\n<p><strong>CS2803<\/strong>\u00a0 \u00a0485 x 255 x 30 mm<\/p>\n<p><strong>CS2805<\/strong>\u00a0 \u00a0485 x 255 x 50 mm<\/p>\n<p><strong>CS2807<\/strong>\u00a0 \u00a0485 x 255 x 70 mm<\/p>\n<p><strong>CS2810<\/strong>\u00a0 \u00a0485 x 255 x 100 mm[\/vc_column_text][\/vc_column][vc_column width=&#8220;1\/2&#8243; offset=&#8220;vc_hidden-lg vc_hidden-md vc_hidden-sm vc_hidden-xs&#8220;][\/vc_column][\/vc_row][vc_row full_width=&#8220;stretch_row&#8220; equal_height=&#8220;yes&#8220; content_placement=&#8220;top&#8220; bg_type=&#8220;bg_color&#8220; bg_color_value=&#8220;#f4f4f4&#8243; css=&#8220;.vc_custom_1642147157752{background-color: #f4f4f4 !important;}&#8220;][vc_column width=&#8220;1\/2&#8243; offset=&#8220;vc_hidden-xs&#8220;][vc_custom_heading text=&#8220;Siebk\u00f6rbe, mittlere Gr\u00f6\u00dfe&#8220; font_container=&#8220;tag:h2|text_align:left|color:%236476a6&#8243; use_theme_fonts=&#8220;yes&#8220;][vc_column_text css=&#8220;.vc_custom_1678097171790{margin-bottom: 0px !important;}&#8220;]<\/p>\n<h1 style=\"color: #1e4079;\"><strong>3\/4<\/strong><\/h1>\n<p><strong>L\u00e4nge x Breite x H\u00f6he (Au\u00dfenma\u00dfe)<\/strong><\/p>\n<hr style=\"width: 40%; text-align: left; margin-left: 0;\" \/>\n<p><strong>CS3803<\/strong>\u00a0 \u00a0405 x 255 x 30 mm<\/p>\n<p><strong>CS3805<\/strong>\u00a0 \u00a0405 x 255 x 50 mm<\/p>\n<p><strong>CS3807<\/strong>\u00a0 \u00a0405 x 255 x 70 mm<\/p>\n<p><strong>CS3810<\/strong>\u00a0 \u00a0405 x 255 x 100 mm[\/vc_column_text][\/vc_column][vc_column width=&#8220;1\/2&#8243; offset=&#8220;vc_hidden-xs&#8220;][vc_single_image image=&#8220;2920&#8243; img_size=&#8220;full&#8220; alignment=&#8220;right&#8220;][\/vc_column][\/vc_row][vc_row full_width=&#8220;stretch_row&#8220; equal_height=&#8220;yes&#8220; content_placement=&#8220;top&#8220; bg_type=&#8220;bg_color&#8220; bg_color_value=&#8220;#f4f4f4&#8243; css=&#8220;.vc_custom_1642147157752{background-color: #f4f4f4 !important;}&#8220;][vc_column width=&#8220;1\/2&#8243; offset=&#8220;vc_hidden-lg vc_hidden-md vc_hidden-sm&#8220;][vc_custom_heading text=&#8220;Siebk\u00f6rbe, mittlere Gr\u00f6\u00dfe&#8220; font_container=&#8220;tag:h2|text_align:left|color:%236476a6&#8243; use_theme_fonts=&#8220;yes&#8220;][vc_single_image image=&#8220;2920&#8243; img_size=&#8220;full&#8220; alignment=&#8220;right&#8220; css=&#8220;.vc_custom_1642249087821{margin-top: 30px !important;}&#8220;][vc_column_text css=&#8220;.vc_custom_1678097183822{margin-bottom: 0px !important;}&#8220;]<\/p>\n<h1 style=\"color: #1e4079;\"><strong>3\/4<\/strong><\/h1>\n<p><strong>L\u00e4nge x Breite x H\u00f6he (Au\u00dfenma\u00dfe)<\/strong><\/p>\n<hr style=\"width: 40%; text-align: left; margin-left: 0;\" \/>\n<p><strong>CS3803<\/strong>\u00a0 \u00a0405 x 255 x 30 mm<\/p>\n<p><strong>CS3805<\/strong>\u00a0 \u00a0405 x 255 x 50 mm<\/p>\n<p><strong>CS3807<\/strong>\u00a0 \u00a0405 x 255 x 70 mm<\/p>\n<p><strong>CS3810<\/strong>\u00a0 \u00a0405 x 255 x 100 mm[\/vc_column_text][\/vc_column][vc_column width=&#8220;1\/2&#8243; offset=&#8220;vc_hidden-lg vc_hidden-md vc_hidden-sm&#8220;][\/vc_column][\/vc_row][vc_row full_width=&#8220;stretch_row&#8220; equal_height=&#8220;yes&#8220; content_placement=&#8220;top&#8220; bg_type=&#8220;bg_color&#8220; bg_color_value=&#8220;#ffffff&#8220; css=&#8220;.vc_custom_1642147010184{border-top-width: 0px !important;border-bottom-width: 0px !important;}&#8220;][vc_column width=&#8220;1\/2&#8243; offset=&#8220;vc_hidden-xs&#8220;][vc_custom_heading text=&#8220;Siebk\u00f6rbe, halbe Gr\u00f6\u00dfe&#8220; font_container=&#8220;tag:h2|text_align:left|color:%236476a6&#8243; use_theme_fonts=&#8220;yes&#8220;][vc_column_text]<\/p>\n<h1 style=\"color: #1e4079;\"><strong>1\/2<\/strong><\/h1>\n<p><strong>L\u00e4nge x Breite x H\u00f6he (Au\u00dfenma\u00dfe)<\/strong><\/p>\n<hr style=\"width: 40%; text-align: left; margin-left: 0;\" \/>\n<p><strong>CS5803<\/strong>\u00a0 \u00a0255 x 245 x 30 mm<\/p>\n<p><strong>CS5805<\/strong>\u00a0 \u00a0255 x 245 x 50 mm<\/p>\n<p><strong>CS5807<\/strong>\u00a0 \u00a0255 x 245 x 70 mm<\/p>\n<p><strong>CS5810<\/strong>\u00a0 \u00a0255 x 245 x 100 mm[\/vc_column_text][\/vc_column][vc_column width=&#8220;1\/2&#8243; offset=&#8220;vc_hidden-xs&#8220;][vc_single_image image=&#8220;2921&#8243; img_size=&#8220;full&#8220; alignment=&#8220;right&#8220;][\/vc_column][\/vc_row][vc_row full_width=&#8220;stretch_row&#8220; equal_height=&#8220;yes&#8220; content_placement=&#8220;top&#8220; bg_type=&#8220;bg_color&#8220; bg_color_value=&#8220;#ffffff&#8220; css=&#8220;.vc_custom_1642147010184{border-top-width: 0px !important;border-bottom-width: 0px !important;}&#8220;][vc_column width=&#8220;1\/2&#8243; offset=&#8220;vc_hidden-lg vc_hidden-md vc_hidden-sm&#8220;][vc_custom_heading text=&#8220;Siebk\u00f6rbe, halbe Gr\u00f6\u00dfe&#8220; font_container=&#8220;tag:h2|text_align:left|color:%236476a6&#8243; use_theme_fonts=&#8220;yes&#8220;][vc_single_image image=&#8220;2874&#8243; img_size=&#8220;full&#8220; alignment=&#8220;right&#8220; css=&#8220;.vc_custom_1642159396811{margin-top: 30px !important;}&#8220;][vc_column_text]<\/p>\n<h1 style=\"color: #1e4079;\"><strong>1\/2<\/strong><\/h1>\n<p><strong>L\u00e4nge x Breite x H\u00f6he (Au\u00dfenma\u00dfe)<\/strong><\/p>\n<hr style=\"width: 40%; text-align: left; margin-left: 0;\" \/>\n<p><strong>CS5803<\/strong>\u00a0 \u00a0255 x 245 x 30 mm<\/p>\n<p><strong>CS5805<\/strong>\u00a0 \u00a0255 x 245 x 50 mm<\/p>\n<p><strong>CS5807<\/strong>\u00a0 \u00a0255 x 245 x 70 mm<\/p>\n<p><strong>CS5810<\/strong>\u00a0 \u00a0255 x 245 x 100 mm[\/vc_column_text][\/vc_column][vc_column width=&#8220;1\/2&#8243; offset=&#8220;vc_hidden-lg vc_hidden-md vc_hidden-sm&#8220;][\/vc_column][\/vc_row][vc_row full_width=&#8220;stretch_row&#8220; equal_height=&#8220;yes&#8220; content_placement=&#8220;top&#8220; bg_type=&#8220;bg_color&#8220; bg_color_value=&#8220;#f4f4f4&#8243; css=&#8220;.vc_custom_1642146716021{background-color: #f4f4f4 !important;}&#8220;][vc_column width=&#8220;1\/2&#8243; offset=&#8220;vc_hidden-xs&#8220;][vc_custom_heading text=&#8220;Siebk\u00f6rbe, Sondergr\u00f6\u00dfen&#8220; font_container=&#8220;tag:h2|text_align:left|color:%236476a6&#8243; use_theme_fonts=&#8220;yes&#8220;][vc_column_text]<strong>L\u00e4nge x Breite x H\u00f6he (Au\u00dfenma\u00dfe)<\/strong><\/p>\n<hr style=\"width: 40%; text-align: left; margin-left: 0;\" \/>\n<p><strong>CS7805<\/strong>\u00a0 \u00a0300 x 230 x 50 mm<\/p>\n<p><strong>CS7807<\/strong>\u00a0 \u00a0300 x 230 x 70 mm<\/p>\n<p><strong>CS7810<\/strong>\u00a0 \u00a0300 x 230 x 100 mm[\/vc_column_text][\/vc_column][vc_column width=&#8220;1\/2&#8243; offset=&#8220;vc_hidden-xs&#8220;][vc_single_image image=&#8220;2873&#8243; img_size=&#8220;full&#8220; alignment=&#8220;right&#8220;][\/vc_column][\/vc_row][vc_row full_width=&#8220;stretch_row&#8220; equal_height=&#8220;yes&#8220; content_placement=&#8220;top&#8220; bg_type=&#8220;bg_color&#8220; bg_color_value=&#8220;#f4f4f4&#8243; css=&#8220;.vc_custom_1642146716021{background-color: #f4f4f4 !important;}&#8220;][vc_column width=&#8220;1\/2&#8243; offset=&#8220;vc_hidden-lg vc_hidden-md vc_hidden-sm&#8220;][vc_custom_heading text=&#8220;Siebk\u00f6rbe, Sondergr\u00f6\u00dfen&#8220; font_container=&#8220;tag:h2|text_align:left|color:%236476a6&#8243; use_theme_fonts=&#8220;yes&#8220;][vc_single_image image=&#8220;2873&#8243; img_size=&#8220;full&#8220; alignment=&#8220;right&#8220; css=&#8220;.vc_custom_1642162109592{margin-top: 30px !important;}&#8220;][vc_column_text]<strong>L\u00e4nge x Breite x H\u00f6he (Au\u00dfenma\u00dfe)<\/strong><\/p>\n<hr style=\"width: 40%; text-align: left; margin-left: 0;\" \/>\n<p><strong>CS7805<\/strong>\u00a0 \u00a0300 x 230 x 50 mm<\/p>\n<p><strong>CS7807<\/strong>\u00a0 \u00a0300 x 230 x 70 mm<\/p>\n<p><strong>CS7810<\/strong>\u00a0 \u00a0300 x 230 x 100 mm[\/vc_column_text][\/vc_column][vc_column width=&#8220;1\/2&#8243; offset=&#8220;vc_hidden-lg vc_hidden-md vc_hidden-sm&#8220;][\/vc_column][\/vc_row][vc_row full_width=&#8220;stretch_row&#8220; bg_type=&#8220;bg_color&#8220; bg_color_value=&#8220;#ffffff&#8220;][vc_column width=&#8220;1\/2&#8243; offset=&#8220;vc_hidden-xs&#8220;][vc_custom_heading text=&#8220;Siebk\u00f6rbe, f\u00fcr Mini-Container&#8220; font_container=&#8220;tag:h2|text_align:left|color:%236476a6&#8243; use_theme_fonts=&#8220;yes&#8220;][vc_column_text]<strong>L\u00e4nge x Breite x H\u00f6he (Au\u00dfenma\u00dfe)<\/strong><\/p>\n<hr style=\"width: 40%; text-align: left; margin-left: 0;\" \/>\n<p><strong>CS7822\u00a0<\/strong> \u00a0260 x 120 x 25 mm<\/p>\n<p><strong>CS7824<\/strong>\u00a0 \u00a0260 x 120 x 40 mm[\/vc_column_text][vc_custom_heading text=&#8220;Siebk\u00f6rbe, f\u00fcr Dental-Container&#8220; font_container=&#8220;tag:h2|text_align:left|color:%236476a6&#8243; use_theme_fonts=&#8220;yes&#8220;][vc_column_text]<strong>L\u00e4nge x Breite x H\u00f6he (Au\u00dfenma\u00dfe)<\/strong><\/p>\n<hr style=\"width: 40%; text-align: left; margin-left: 0;\" \/>\n<p><strong>CS7842<\/strong>\u00a0 \u00a0270 x 170 x 25 mm<\/p>\n<p><strong>CS7844<\/strong>\u00a0 \u00a0270 x 170 x 45 mm[\/vc_column_text][\/vc_column][vc_column width=&#8220;1\/2&#8243; offset=&#8220;vc_hidden-xs&#8220;][vc_single_image image=&#8220;2922&#8243; img_size=&#8220;full&#8220; alignment=&#8220;right&#8220; css=&#8220;.vc_custom_1642249600800{margin-top: 40px !important;}&#8220;][\/vc_column][\/vc_row][vc_row full_width=&#8220;stretch_row&#8220; bg_type=&#8220;bg_color&#8220; bg_color_value=&#8220;#ffffff&#8220;][vc_column width=&#8220;1\/2&#8243; offset=&#8220;vc_hidden-lg vc_hidden-md vc_hidden-sm&#8220;][vc_custom_heading text=&#8220;Siebk\u00f6rbe, f\u00fcr Mini-Container&#8220; font_container=&#8220;tag:h2|text_align:left|color:%236476a6&#8243; use_theme_fonts=&#8220;yes&#8220;][vc_single_image image=&#8220;2922&#8243; img_size=&#8220;full&#8220; alignment=&#8220;right&#8220; css=&#8220;.vc_custom_1642249615247{margin-top: 40px !important;}&#8220;][vc_column_text]<strong>L\u00e4nge x Breite x H\u00f6he (Au\u00dfenma\u00dfe)<\/strong><\/p>\n<hr style=\"width: 40%; text-align: left; margin-left: 0;\" \/>\n<p><strong>CS7822\u00a0<\/strong> \u00a0260 x 120 x 25 mm<\/p>\n<p><strong>CS7824<\/strong>\u00a0 \u00a0260 x 120 x 40 mm[\/vc_column_text][vc_custom_heading text=&#8220;Siebk\u00f6rbe, f\u00fcr Dental-Container&#8220; font_container=&#8220;tag:h2|text_align:left|color:%236476a6&#8243; use_theme_fonts=&#8220;yes&#8220;][vc_column_text]<strong>L\u00e4nge x Breite x H\u00f6he (Au\u00dfenma\u00dfe)<\/strong><\/p>\n<hr style=\"width: 40%; text-align: left; margin-left: 0;\" \/>\n<p><strong>CS7842<\/strong>\u00a0 \u00a0270 x 170 x 25 mm<\/p>\n<p><strong>CS7844<\/strong>\u00a0 \u00a0270 x 170 x 45 mm[\/vc_column_text][\/vc_column][vc_column width=&#8220;1\/2&#8243; offset=&#8220;vc_hidden-lg vc_hidden-md vc_hidden-sm&#8220;][\/vc_column][\/vc_row][vc_row full_width=&#8220;stretch_row&#8220; equal_height=&#8220;yes&#8220; content_placement=&#8220;top&#8220; bg_type=&#8220;bg_color&#8220; bg_color_value=&#8220;#f4f4f4&#8243; css=&#8220;.vc_custom_1642146219290{background-color: #f4f4f4 !important;}&#8220;][vc_column width=&#8220;1\/2&#8243; offset=&#8220;vc_hidden-xs&#8220;][vc_custom_heading text=&#8220;Sieb-B\u00f6den, mit Griffen zum Herausheben&#8220; font_container=&#8220;tag:h2|text_align:left|color:%236476a6&#8243; use_theme_fonts=&#8220;yes&#8220;][vc_column_text]<strong>L\u00e4nge x Breite x H\u00f6he (Au\u00dfenma\u00dfe)<\/strong><\/p>\n<hr style=\"width: 40%; text-align: left; margin-left: 0;\" \/>\n<p><strong>CS1801<\/strong>\u00a0 \u00a0540 x 255 x 30 mm<\/p>\n<p><strong>CS2801<\/strong>\u00a0 \u00a0485 x 255 x 30 mm<\/p>\n<p><strong>CS3801<\/strong>\u00a0 \u00a0405 x 255 x 30 mm<\/p>\n<p><strong>CS5801<\/strong>\u00a0 255 x 245 x 30 mm[\/vc_column_text][\/vc_column][vc_column width=&#8220;1\/2&#8243; offset=&#8220;vc_hidden-xs&#8220;][vc_single_image image=&#8220;2923&#8243; img_size=&#8220;full&#8220; alignment=&#8220;right&#8220;][\/vc_column][\/vc_row][vc_row full_width=&#8220;stretch_row&#8220; equal_height=&#8220;yes&#8220; content_placement=&#8220;top&#8220; bg_type=&#8220;bg_color&#8220; bg_color_value=&#8220;#f4f4f4&#8243; css=&#8220;.vc_custom_1642146219290{background-color: #f4f4f4 !important;}&#8220;][vc_column width=&#8220;1\/2&#8243; offset=&#8220;vc_hidden-lg vc_hidden-md vc_hidden-sm&#8220;][vc_custom_heading text=&#8220;Sieb-B\u00f6den, mit Griffen zum Herausheben&#8220; font_container=&#8220;tag:h2|text_align:left|color:%236476a6&#8243; use_theme_fonts=&#8220;yes&#8220;][vc_single_image image=&#8220;2923&#8243; img_size=&#8220;full&#8220; alignment=&#8220;right&#8220; css=&#8220;.vc_custom_1642249717698{margin-top: 30px !important;}&#8220;][vc_column_text]<strong>L\u00e4nge x Breite x H\u00f6he (Au\u00dfenma\u00dfe)<\/strong><\/p>\n<hr style=\"width: 40%; text-align: left; margin-left: 0;\" \/>\n<p><strong>CS1801<\/strong>\u00a0 \u00a0540 x 255 x 30 mm<\/p>\n<p><strong>CS2801<\/strong>\u00a0 \u00a0485 x 255 x 30 mm<\/p>\n<p><strong>CS3801<\/strong>\u00a0 \u00a0405 x 255 x 30 mm<\/p>\n<p><strong>CS5801<\/strong>\u00a0 255 x 245 x 30 mm[\/vc_column_text][\/vc_column][vc_column width=&#8220;1\/2&#8243; offset=&#8220;vc_hidden-lg vc_hidden-md vc_hidden-sm&#8220;][\/vc_column][\/vc_row]<\/p>\n<\/div>","protected":false},"excerpt":{"rendered":"<p>[vc_row full_width=&#8220;stretch_row&#8220; content_placement=&#8220;top&#8220; bg_type=&#8220;bg_color&#8220; bg_color_value=&#8220;#ffffff&#8220; css=&#8220;.vc_custom_1642147485197{margin-top: -60px !important;}&#8220;][vc_column width=&#8220;5\/12&#8243;][vc_single_image image=&#8220;2846&#8243; img_size=&#8220;500*500&#8243;][\/vc_column][vc_column width=&#8220;7\/12&#8243;][vc_custom_heading text=&#8220;Siebk\u00f6rbe aus Edelstahl&#8220; font_container=&#8220;tag:h2|text_align:left|color:%231e4079&#8243; google_fonts=&#8220;font_family:Open%20Sans%3A300%2C300italic%2Cregular%2Citalic%2C600%2C600italic%2C700%2C700italic%2C800%2C800italic|font_style:700%20bold%20regular%3A700%3Anormal&#8220;][vc_column_text]Siebk\u00f6rbe sind ideal f\u00fcr die Lagerung und Sterilisation von chirurgischen Instrumenten. Diese K\u00f6rbe eignen sich f\u00fcr Versuchssterilisatoren, medizinische Einrichtungen, Krankenhausabteilungen wie Operationss\u00e4le, Desinfektionsversorgungszentren, Zahnkliniken, Stationen und andere Abteilungen medizinischer Einrichtungen, die mit Reinigung, Desinfektion und Sterilisation usw. zu tun&hellip;<\/p>\n","protected":false},"author":4,"featured_media":0,"parent":332,"menu_order":0,"comment_status":"closed","ping_status":"closed","template":"","meta":{"footnotes":""},"class_list":["post-2760","page","type-page","status-publish","hentry","description-off"],"jetpack_sharing_enabled":true,"_links":{"self":[{"href":"https:\/\/www.starkling-medtech.de\/de\/wp-json\/wp\/v2\/pages\/2760","targetHints":{"allow":["GET"]}}],"collection":[{"href":"https:\/\/www.starkling-medtech.de\/de\/wp-json\/wp\/v2\/pages"}],"about":[{"href":"https:\/\/www.starkling-medtech.de\/de\/wp-json\/wp\/v2\/types\/page"}],"author":[{"embeddable":true,"href":"https:\/\/www.starkling-medtech.de\/de\/wp-json\/wp\/v2\/users\/4"}],"replies":[{"embeddable":true,"href":"https:\/\/www.starkling-medtech.de\/de\/wp-json\/wp\/v2\/comments?post=2760"}],"version-history":[{"count":86,"href":"https:\/\/www.starkling-medtech.de\/de\/wp-json\/wp\/v2\/pages\/2760\/revisions"}],"predecessor-version":[{"id":3238,"href":"https:\/\/www.starkling-medtech.de\/de\/wp-json\/wp\/v2\/pages\/2760\/revisions\/3238"}],"up":[{"embeddable":true,"href":"https:\/\/www.starkling-medtech.de\/de\/wp-json\/wp\/v2\/pages\/332"}],"wp:attachment":[{"href":"https:\/\/www.starkling-medtech.de\/de\/wp-json\/wp\/v2\/media?parent=2760"}],"curies":[{"name":"wp","href":"https:\/\/api.w.org\/{rel}","templated":true}]}}